{"id":808,"date":"2024-12-09T11:07:25","date_gmt":"2024-12-09T14:07:25","guid":{"rendered":"https:\/\/drrobertomartinez.com\/?page_id=808"},"modified":"2025-02-04T10:43:35","modified_gmt":"2025-02-04T13:43:35","slug":"acerca-mio","status":"publish","type":"page","link":"https:\/\/drrobertomartinez.com\/en\/acerca-mio\/","title":{"rendered":"About me"},"content":{"rendered":"<p>[et_pb_section fb_built=&#8221;1&#8243; admin_label=&#8221;Mission&#8221; _builder_version=&#8221;4.27.4&#8243; _module_preset=&#8221;default&#8221; background_image=&#8221;https:\/\/drrobertomartinez.com\/wp-content\/uploads\/2024\/11\/family-doctor-031.png&#8221; background_position=&#8221;top_center&#8221; custom_margin=&#8221;0px||119px||false|false&#8221; custom_margin_tablet=&#8221;0px||120px||false|false&#8221; custom_margin_phone=&#8221;||50px||false|false&#8221; custom_margin_last_edited=&#8221;on|phone&#8221; custom_padding=&#8221;||0px|||&#8221; global_colors_info=&#8221;{}&#8221;][et_pb_row column_structure=&#8221;1_2,1_2&#8243; _builder_version=&#8221;4.27.4&#8243; _module_preset=&#8221;default&#8221; global_colors_info=&#8221;{}&#8221;][et_pb_column type=&#8221;1_2&#8243; _builder_version=&#8221;4.27.4&#8243; _module_preset=&#8221;default&#8221; global_colors_info=&#8221;{}&#8221;][et_pb_image src=&#8221;https:\/\/drrobertomartinez.com\/wp-content\/uploads\/2024\/12\/Dr-Martinez-acerca-mio-acerca-mio.png&#8221; title_text=&#8221;Dr-Martinez-acerca-mio-acerca-mio&#8221; show_bottom_space=&#8221;off&#8221; align=&#8221;center&#8221; _builder_version=&#8221;4.27.4&#8243; _module_preset=&#8221;default&#8221; width=&#8221;70%&#8221; width_tablet=&#8221;70%&#8221; width_phone=&#8221;70%&#8221; width_last_edited=&#8221;on|desktop&#8221; module_alignment=&#8221;center&#8221; custom_margin=&#8221;|0vw||0vw|false|true&#8221; custom_margin_tablet=&#8221;|0vw||0vw|false|true&#8221; custom_margin_phone=&#8221;|0vw||0vw|false|true&#8221; custom_margin_last_edited=&#8221;on|tablet&#8221; global_colors_info=&#8221;{}&#8221;][\/et_pb_image][\/et_pb_column][et_pb_column type=&#8221;1_2&#8243; _builder_version=&#8221;4.27.4&#8243; _module_preset=&#8221;default&#8221; custom_padding=&#8221;0px||||false|false&#8221; custom_padding_tablet=&#8221;0px||||false|false&#8221; custom_padding_phone=&#8221;&#8221; custom_padding_last_edited=&#8221;on|phone&#8221; global_colors_info=&#8221;{}&#8221;][et_pb_text _builder_version=&#8221;4.27.4&#8243; _module_preset=&#8221;default&#8221; text_font=&#8221;Work Sans||||||||&#8221; text_font_size=&#8221;16px&#8221; text_line_height=&#8221;1.8em&#8221; header_3_font=&#8221;Poppins|700|||||||&#8221; header_3_text_color=&#8221;#005450&#8243; header_3_line_height=&#8221;1.6em&#8221; header_4_text_color=&#8221;#002725&#8243; header_4_font_size=&#8221;16px&#8221; header_4_line_height=&#8221;1.4em&#8221; text_font_size_tablet=&#8221;&#8221; text_font_size_phone=&#8221;14px&#8221; text_font_size_last_edited=&#8221;on|phone&#8221; header_3_font_size_tablet=&#8221;18px&#8221; header_3_font_size_phone=&#8221;16px&#8221; header_3_font_size_last_edited=&#8221;on|phone&#8221; locked=&#8221;off&#8221; global_colors_info=&#8221;{}&#8221;]<\/p>\n<h4>About me<\/h4>\n<h3>Knowledge, experience and excellence.<\/h3>\n<p>I am Dr. Roberto Mart\u00ednez Rinaldi, a specialist in plastic surgery with a career that has positioned me as one of the most prominent figures in my field, both locally and nationally.<\/p>\n<p>I earned my Medical Doctor degree from the prestigious National University of C\u00f3rdoba (UNC) and later specialized in plastic, aesthetic, and reconstructive surgery.<\/p>\n<p>I completed my specialization in Plastic Surgery at the Dr. Manuel Gea Gonz\u00e1lez General Hospital in Mexico City, under the guidance of Dr. Fernando Ortiz Monasterio, from 1995 to 1998. These positions were obtained through competitive examinations and background evaluation. Additionally, I actively participate as an attendee and speaker in numerous national and international courses and congresses.<\/p>\n<p>With over 20 years of experience, I offer comprehensive services tailored to meet my patients' aesthetic needs, always ensuring an ethical and professional approach that prioritizes their well-being and satisfaction.<\/p>\n<p class=\"p1\"><em>\u2022 Specialist in Plastic, Aesthetic, and Reconstructive Surgery.<\/em><\/p>\n<p class=\"p1\"><em>\u2022 Member of the Plastic and Reconstructive Surgery Society of C\u00f3rdoba, Argentina.<\/em><\/p>\n<p class=\"p1\"><em>C\u00f3rdoba, Argentina.<\/em><\/p>\n<p class=\"p1\"><em>Active Member of the American Society for Aesthetic Plastic Surgery (ASAPS).<\/em><\/p>\n<p>[\/et_pb_text][\/et_pb_column][\/et_pb_row][\/et_pb_section][et_pb_section fb_built=&#8221;1&#8243; _builder_version=&#8221;4.27.4&#8243; _module_preset=&#8221;default&#8221; background_color=&#8221;#EFEFEF&#8221; custom_padding=&#8221;80px|||||&#8221; global_colors_info=&#8221;{}&#8221;][et_pb_row column_structure=&#8221;2_5,3_5&#8243; _builder_version=&#8221;4.27.4&#8243; _module_preset=&#8221;default&#8221; custom_margin=&#8221;-9px|auto||auto||&#8221; hover_enabled=&#8221;0&#8243; global_colors_info=&#8221;{}&#8221; border_radii=&#8221;off|45px|||&#8221; background_enable_color=&#8221;off&#8221; sticky_enabled=&#8221;0&#8243; use_custom_gutter=&#8221;on&#8221; gutter_width=&#8221;1&#8243;][et_pb_column type=&#8221;2_5&#8243; _builder_version=&#8221;4.27.4&#8243; _module_preset=&#8221;default&#8221; hover_enabled=&#8221;0&#8243; global_colors_info=&#8221;{}&#8221; background_color=&#8221;#2E987D&#8221; sticky_enabled=&#8221;0&#8243; custom_padding=&#8221;173px||173px||true|false&#8221; custom_padding_last_edited=&#8221;on|phone&#8221; custom_padding_tablet=&#8221;82px||62px||false|false&#8221; border_radii=&#8221;off|35px|||&#8221; custom_padding_phone=&#8221;82px||62px||false|false&#8221;][et_pb_text _builder_version=&#8221;4.27.4&#8243; _module_preset=&#8221;default&#8221; text_font=&#8221;Work Sans||||||||&#8221; text_font_size=&#8221;16px&#8221; text_line_height=&#8221;1.8em&#8221; header_3_font=&#8221;Poppins|700|||||||&#8221; header_3_text_color=&#8221;#FFFFFF&#8221; header_3_line_height=&#8221;1.6em&#8221; header_4_text_color=&#8221;#002725&#8243; header_4_font_size=&#8221;16px&#8221; header_4_line_height=&#8221;1.4em&#8221; hover_enabled=&#8221;0&#8243; text_font_size_tablet=&#8221;&#8221; text_font_size_phone=&#8221;14px&#8221; text_font_size_last_edited=&#8221;on|phone&#8221; header_3_font_size_tablet=&#8221;18px&#8221; header_3_font_size_phone=&#8221;16px&#8221; header_3_font_size_last_edited=&#8221;on|phone&#8221; locked=&#8221;off&#8221; global_colors_info=&#8221;{}&#8221; sticky_enabled=&#8221;0&#8243; header_3_text_align=&#8221;center&#8221;]<\/p>\n<h3>Trayectoria Profesional<\/h3>\n<p>[\/et_pb_text][\/et_pb_column][et_pb_column type=&#8221;3_5&#8243; _builder_version=&#8221;4.27.4&#8243; _module_preset=&#8221;default&#8221; hover_enabled=&#8221;0&#8243; global_colors_info=&#8221;{}&#8221; background_color=&#8221;#AACD70&#8243; sticky_enabled=&#8221;0&#8243; border_radii=&#8221;off|||35px|&#8221;][et_pb_text _builder_version=&#8221;4.27.4&#8243; _module_preset=&#8221;default&#8221; text_font=&#8221;Work Sans||||||||&#8221; text_font_size=&#8221;16px&#8221; text_line_height=&#8221;1.8em&#8221; header_3_font=&#8221;Poppins|700|||||||&#8221; header_3_text_color=&#8221;#005450&#8243; header_3_line_height=&#8221;1.6em&#8221; header_4_text_color=&#8221;#002725&#8243; header_4_font_size=&#8221;16px&#8221; header_4_line_height=&#8221;1.4em&#8221; hover_enabled=&#8221;0&#8243; text_font_size_tablet=&#8221;&#8221; text_font_size_phone=&#8221;14px&#8221; text_font_size_last_edited=&#8221;on|phone&#8221; header_3_font_size_tablet=&#8221;18px&#8221; header_3_font_size_phone=&#8221;16px&#8221; header_3_font_size_last_edited=&#8221;on|phone&#8221; locked=&#8221;off&#8221; global_colors_info=&#8221;{}&#8221; custom_margin=&#8221;|40px||40px|false|true&#8221; custom_margin_last_edited=&#8221;on|desktop&#8221; sticky_enabled=&#8221;0&#8243; custom_padding=&#8221;50px||50px||true|false&#8221; custom_margin_tablet=&#8221;|40px||40px|false|true&#8221; custom_margin_phone=&#8221;|40px||40px|false|true&#8221;]<\/p>\n<p>\u2022\u2060 \u2060Especialista Cirug\u00eca Pl\u00e0stica Est\u00e8tica y Reconstructiva M.P.: 20951 M.E.: 8237<br \/>\u2022\u2060 \u2060Miembro Titular SACPER<br \/>\u2022\u2060 \u2060Miembro Titular SCPERC<br \/>\u2022\u2060 \u2060Miembro Titular FILACP<br \/>\u2022\u2060 \u2060Membership International ASPS<br \/>\u2022\u2060 \u2060Ex Residente y Miembro Activo ASOFOM (M\u00e8xico)<br \/>\u2022\u2060 \u2060Ex Presidente de SCPERC<br \/>\u2022\u2060 \u2060Ex Miembro Comisi\u00f2n Directiva de SACPER<br \/>\u2022\u2060 \u2060Participaci\u00f2n como Conferencionista y Asistente a numerosos Cursos y Congresos Nacionales e Internacionales<\/p>\n<p>[\/et_pb_text][\/et_pb_column][\/et_pb_row][et_pb_row _builder_version=&#8221;4.27.4&#8243; _module_preset=&#8221;default&#8221;][et_pb_column _builder_version=&#8221;4.27.4&#8243; _module_preset=&#8221;default&#8221; type=&#8221;4_4&#8243;][et_pb_button button_text=&#8221;Solicitar una cita&#8221; _builder_version=&#8221;4.27.4&#8243; _module_preset=&#8221;default&#8221; custom_button=&#8221;on&#8221; button_text_size=&#8221;14px&#8221; button_bg_color=&#8221;#2e987d&#8221; button_border_width=&#8221;0px&#8221; button_border_radius=&#8221;100px&#8221; button_letter_spacing=&#8221;2px&#8221; button_font=&#8221;Work Sans|||on|||||&#8221; background_layout=&#8221;dark&#8221; custom_margin=&#8221;|||0px|false|false&#8221; custom_margin_tablet=&#8221;|||0px|false|false&#8221; custom_margin_phone=&#8221;&#8221; custom_margin_last_edited=&#8221;on|phone&#8221; custom_padding=&#8221;18px|40px|18px|40px|true|true&#8221; custom_padding_tablet=&#8221;15px||15px||true|true&#8221; custom_padding_phone=&#8221;12px|22px|12px|22px|true|true&#8221; custom_padding_last_edited=&#8221;on|phone&#8221; hover_enabled=&#8221;0&#8243; button_text_size_tablet=&#8221;&#8221; button_text_size_phone=&#8221;12px&#8221; button_text_size_last_edited=&#8221;on|phone&#8221; global_colors_info=&#8221;{}&#8221; button_bg_color__hover_enabled=&#8221;on|hover&#8221; button_bg_color__hover=&#8221;#005450&#8243; button_bg_enable_color__hover=&#8221;on&#8221; theme_builder_area=&#8221;post_content&#8221; button_alignment=&#8221;center&#8221; sticky_enabled=&#8221;0&#8243;][\/et_pb_button][\/et_pb_column][\/et_pb_row][\/et_pb_section][et_pb_section fb_built=&#8221;1&#8243; _builder_version=&#8221;4.27.4&#8243; _module_preset=&#8221;default&#8221; custom_padding=&#8221;||128px|||&#8221; global_colors_info=&#8221;{}&#8221;][et_pb_row _builder_version=&#8221;4.27.4&#8243; _module_preset=&#8221;default&#8221; global_colors_info=&#8221;{}&#8221;][et_pb_column type=&#8221;4_4&#8243; _builder_version=&#8221;4.27.4&#8243; _module_preset=&#8221;default&#8221; global_colors_info=&#8221;{}&#8221;][difl_justifiedgallery gallery=&#8221;817,812,813,814,815,816&#8243; rowheight=&#8221;185&#8243; use_lightbox=&#8221;on&#8221; image_scale=&#8221;c4-image-zoom-in&#8221; _builder_version=&#8221;4.27.4&#8243; _module_preset=&#8221;default&#8221; global_colors_info=&#8221;{}&#8221;][\/difl_justifiedgallery][\/et_pb_column][\/et_pb_row][\/et_pb_section][et_pb_section fb_built=&#8221;1&#8243; specialty=&#8221;on&#8221; custom_padding_last_edited=&#8221;off|desktop&#8221; padding_top_2=&#8221;250px&#8221; padding_top_bottom_link_2=&#8221;false&#8221; padding_left_right_link_2=&#8221;false&#8221; padding_2_tablet=&#8221;0px||||false|false&#8221; padding_2_phone=&#8221;&#8221; padding_2_last_edited=&#8221;on|tablet&#8221; admin_label=&#8221;Footer&#8221; _builder_version=&#8221;4.27.4&#8243; _module_preset=&#8221;default&#8221; use_background_color_gradient=&#8221;on&#8221; background_color_gradient_stops=&#8221;rgba(0,84,80,0.8) 0%|rgba(0,39,37,0.9) 100%&#8221; background_color_gradient_overlays_image=&#8221;on&#8221; background_color_gradient_start=&#8221;rgba(0,84,80,0.8)&#8221; background_color_gradient_end=&#8221;rgba(0,39,37,0.9)&#8221; background_image=&#8221;https:\/\/drrobertomartinez.com\/wp-content\/uploads\/2024\/12\/Sin-titulo-3.jpg&#8221; custom_padding=&#8221;8vw||8vw||true|false&#8221; custom_padding_tablet=&#8221;60px||60px||true|false&#8221; custom_padding_phone=&#8221;40px||40px||true|false&#8221; saved_tabs=&#8221;all&#8221; locked=&#8221;off&#8221; global_colors_info=&#8221;{}&#8221;][et_pb_column type=&#8221;2_3&#8243; specialty_columns=&#8221;2&#8243; _builder_version=&#8221;4.16&#8243; custom_padding=&#8221;|||&#8221; global_colors_info=&#8221;{}&#8221; custom_padding__hover=&#8221;|||&#8221;][et_pb_row_inner _builder_version=&#8221;4.16&#8243; _module_preset=&#8221;default&#8221; global_colors_info=&#8221;{}&#8221;][et_pb_column_inner saved_specialty_column_type=&#8221;2_3&#8243; _builder_version=&#8221;4.16&#8243; _module_preset=&#8221;default&#8221; global_colors_info=&#8221;{}&#8221;][et_pb_text _builder_version=&#8221;4.27.4&#8243; _module_preset=&#8221;default&#8221; header_2_font=&#8221;Poppins|600|||||||&#8221; header_2_font_size=&#8221;60px&#8221; header_2_line_height=&#8221;1.2em&#8221; background_layout=&#8221;dark&#8221; header_2_font_size_tablet=&#8221;42px&#8221; header_2_font_size_phone=&#8221;24px&#8221; header_2_font_size_last_edited=&#8221;on|phone&#8221; locked=&#8221;off&#8221; global_colors_info=&#8221;{}&#8221;]<\/p>\n<h2>Contact us<\/h2>\n<p>[\/et_pb_text][\/et_pb_column_inner][\/et_pb_row_inner][et_pb_row_inner column_structure=&#8221;1_2,1_2&#8243; use_custom_gutter=&#8221;on&#8221; gutter_width=&#8221;1&#8243; make_equal=&#8221;on&#8221; _builder_version=&#8221;4.16&#8243; _module_preset=&#8221;default&#8221; custom_padding=&#8221;0px||0px||true|false&#8221; animation_style=&#8221;flip&#8221; animation_direction=&#8221;top&#8221; animation_duration=&#8221;500ms&#8221; animation_intensity_flip=&#8221;10%&#8221; border_radii=&#8221;off|40px|||&#8221; border_radii_tablet=&#8221;&#8221; border_radii_phone=&#8221;off|20px|||&#8221; border_radii_last_edited=&#8221;on|phone&#8221; global_colors_info=&#8221;{}&#8221;][et_pb_column_inner type=&#8221;1_2&#8243; saved_specialty_column_type=&#8221;2_3&#8243; _builder_version=&#8221;4.16&#8243; _module_preset=&#8221;default&#8221; background_color=&#8221;#aacd70&#8243; custom_padding=&#8221;40px|30px|40px|30px|true|true&#8221; custom_padding_tablet=&#8221;30px|30px|30px|30px|true|true&#8221; custom_padding_phone=&#8221;20px|20px|20px|20px|true|true&#8221; custom_padding_last_edited=&#8221;on|phone&#8221; global_colors_info=&#8221;{}&#8221;][et_pb_blurb title=&#8221;Email&#8221; use_icon=&#8221;on&#8221; font_icon=&#8221;&#xe076;||divi||400&#8243; icon_color=&#8221;#002725&#8243; image_icon_background_color=&#8221;rgba(0,39,37,0.1)&#8221; image_icon_width=&#8221;18px&#8221; content_max_width=&#8221;100%&#8221; _builder_version=&#8221;4.27.4&#8243; _module_preset=&#8221;default&#8221; header_font=&#8221;Work Sans||||||||&#8221; header_text_color=&#8221;#002725&#8243; header_font_size=&#8221;16px&#8221; header_line_height=&#8221;1.2em&#8221; body_font=&#8221;Poppins|600|||||||&#8221; body_text_color=&#8221;#002725&#8243; body_font_size=&#8221;20px&#8221; body_line_height=&#8221;1.6em&#8221; body_link_text_color=&#8221;#002725&#8243; image_icon_custom_padding=&#8221;25px|25px|25px|25px|false|false&#8221; text_orientation=&#8221;center&#8221; animation=&#8221;off&#8221; header_font_size_tablet=&#8221;&#8221; header_font_size_phone=&#8221;14px&#8221; header_font_size_last_edited=&#8221;on|phone&#8221; body_font_size_tablet=&#8221;18px&#8221; body_font_size_phone=&#8221;16px&#8221; body_font_size_last_edited=&#8221;on|phone&#8221; border_radii_image=&#8221;on|100%|100%|100%|100%&#8221; icon_font_size=&#8221;18px&#8221; use_circle=&#8221;on&#8221; circle_color=&#8221;rgba(0,39,37,0.1)&#8221; locked=&#8221;off&#8221; global_colors_info=&#8221;{}&#8221; image_icon_background_color__sticky_enabled=&#8221;#7EBEC5&#8243; image_icon_background_color__sticky=&#8221;#7EBEC5&#8243;]<\/p>\n<p>info@drrobertomartinez.com<\/p>\n<p>[\/et_pb_blurb][\/et_pb_column_inner][et_pb_column_inner type=&#8221;1_2&#8243; saved_specialty_column_type=&#8221;2_3&#8243; _builder_version=&#8221;4.16&#8243; _module_preset=&#8221;default&#8221; background_color=&#8221;#2e987d&#8221; custom_padding=&#8221;40px|30px|40px|30px|true|true&#8221; custom_padding_tablet=&#8221;30px|30px|30px|30px|true|true&#8221; custom_padding_phone=&#8221;20px|20px|20px|20px|true|true&#8221; custom_padding_last_edited=&#8221;on|phone&#8221; global_colors_info=&#8221;{}&#8221;][et_pb_blurb title=&#8221;Tel\u00e9fono&#8221; url=&#8221;http:\/\/wa.me\/5493424780898&#8243; url_new_window=&#8221;on&#8221; use_icon=&#8221;on&#8221; font_icon=&#8221;&#xe090;||divi||400&#8243; icon_color=&#8221;#ffffff&#8221; image_icon_background_color=&#8221;rgba(255,255,255,0.1)&#8221; image_icon_width=&#8221;18px&#8221; content_max_width=&#8221;100%&#8221; _builder_version=&#8221;4.27.4&#8243; _module_preset=&#8221;default&#8221; header_font=&#8221;Work Sans||||||||&#8221; header_font_size=&#8221;16px&#8221; header_line_height=&#8221;1.2em&#8221; body_font=&#8221;Poppins|600|||||||&#8221; body_font_size=&#8221;20px&#8221; body_line_height=&#8221;1.6em&#8221; image_icon_custom_padding=&#8221;25px|25px|25px|25px|false|false&#8221; text_orientation=&#8221;center&#8221; background_layout=&#8221;dark&#8221; animation=&#8221;off&#8221; header_font_size_tablet=&#8221;&#8221; header_font_size_phone=&#8221;14px&#8221; header_font_size_last_edited=&#8221;on|phone&#8221; body_font_size_tablet=&#8221;18px&#8221; body_font_size_phone=&#8221;16px&#8221; body_font_size_last_edited=&#8221;on|phone&#8221; border_radii_image=&#8221;on|100%|100%|100%|100%&#8221; icon_font_size=&#8221;18px&#8221; use_circle=&#8221;on&#8221; circle_color=&#8221;rgba(255,255,255,0.1)&#8221; locked=&#8221;off&#8221; global_colors_info=&#8221;{}&#8221; image_icon_background_color__sticky_enabled=&#8221;#7EBEC5&#8243; image_icon_background_color__sticky=&#8221;#7EBEC5&#8243;]<\/p>\n<p>+54 9 3424 780898<\/p>\n<p>[\/et_pb_blurb][\/et_pb_column_inner][\/et_pb_row_inner][et_pb_row_inner column_structure=&#8221;1_2,1_2&#8243; use_custom_gutter=&#8221;on&#8221; gutter_width=&#8221;1&#8243; make_equal=&#8221;on&#8221; _builder_version=&#8221;4.16&#8243; _module_preset=&#8221;default&#8221; custom_padding=&#8221;0px||0px||true|false&#8221; animation_style=&#8221;flip&#8221; animation_direction=&#8221;top&#8221; animation_duration=&#8221;500ms&#8221; animation_intensity_flip=&#8221;10%&#8221; border_radii=&#8221;off|||40px|&#8221; border_radii_tablet=&#8221;&#8221; border_radii_phone=&#8221;off|||20px|&#8221; border_radii_last_edited=&#8221;on|phone&#8221; global_colors_info=&#8221;{}&#8221;][et_pb_column_inner type=&#8221;1_2&#8243; saved_specialty_column_type=&#8221;2_3&#8243; _builder_version=&#8221;4.16&#8243; _module_preset=&#8221;default&#8221; background_color=&#8221;#002725&#8243; custom_padding=&#8221;40px|30px|40px|30px|true|true&#8221; custom_padding_tablet=&#8221;30px|30px|30px|30px|true|true&#8221; custom_padding_phone=&#8221;20px|20px|20px|20px|true|true&#8221; custom_padding_last_edited=&#8221;on|phone&#8221; global_colors_info=&#8221;{}&#8221;][et_pb_blurb title=&#8221;Atenci\u00f3n&#8221; use_icon=&#8221;on&#8221; font_icon=&#8221;&#xe06b;||divi||400&#8243; icon_color=&#8221;#ffffff&#8221; image_icon_background_color=&#8221;rgba(255,255,255,0.1)&#8221; image_icon_width=&#8221;18px&#8221; content_max_width=&#8221;100%&#8221; _builder_version=&#8221;4.27.4&#8243; _module_preset=&#8221;default&#8221; header_font=&#8221;Work Sans||||||||&#8221; header_font_size=&#8221;16px&#8221; header_line_height=&#8221;1.2em&#8221; body_font=&#8221;Poppins|600|||||||&#8221; body_font_size=&#8221;20px&#8221; body_line_height=&#8221;1.6em&#8221; image_icon_custom_padding=&#8221;25px|25px|25px|25px|false|false&#8221; text_orientation=&#8221;center&#8221; background_layout=&#8221;dark&#8221; animation=&#8221;off&#8221; header_font_size_tablet=&#8221;&#8221; header_font_size_phone=&#8221;14px&#8221; header_font_size_last_edited=&#8221;on|phone&#8221; body_font_size_tablet=&#8221;18px&#8221; body_font_size_phone=&#8221;16px&#8221; body_font_size_last_edited=&#8221;on|phone&#8221; border_radii_image=&#8221;on|100%|100%|100%|100%&#8221; icon_font_size=&#8221;18px&#8221; use_circle=&#8221;on&#8221; circle_color=&#8221;rgba(255,255,255,0.1)&#8221; locked=&#8221;off&#8221; global_colors_info=&#8221;{}&#8221; image_icon_background_color__sticky_enabled=&#8221;#7EBEC5&#8243; image_icon_background_color__sticky=&#8221;#7EBEC5&#8243;]<\/p>\n<p>Monday to Friday: 09am to 6pm<br \/>Saturday: 09 am to 01pm<\/p>\n<p>[\/et_pb_blurb][\/et_pb_column_inner][et_pb_column_inner type=&#8221;1_2&#8243; saved_specialty_column_type=&#8221;2_3&#8243; _builder_version=&#8221;4.16&#8243; _module_preset=&#8221;default&#8221; background_color=&#8221;#005450&#8243; custom_padding=&#8221;40px|30px|40px|30px|true|true&#8221; custom_padding_tablet=&#8221;30px|30px|30px|30px|true|true&#8221; custom_padding_phone=&#8221;20px|20px|20px|20px|true|true&#8221; custom_padding_last_edited=&#8221;on|phone&#8221; global_colors_info=&#8221;{}&#8221;][et_pb_blurb title=&#8221;Direcci\u00f3n&#8221; use_icon=&#8221;on&#8221; font_icon=&#8221;&#xe080;||divi||400&#8243; icon_color=&#8221;#ffffff&#8221; image_icon_background_color=&#8221;rgba(255,255,255,0.1)&#8221; image_icon_width=&#8221;18px&#8221; content_max_width=&#8221;100%&#8221; _builder_version=&#8221;4.27.4&#8243; _module_preset=&#8221;default&#8221; header_font=&#8221;Work Sans||||||||&#8221; header_font_size=&#8221;16px&#8221; header_line_height=&#8221;1.2em&#8221; body_font=&#8221;Poppins|600|||||||&#8221; body_font_size=&#8221;20px&#8221; body_line_height=&#8221;1.6em&#8221; image_icon_custom_padding=&#8221;25px|25px|25px|25px|false|false&#8221; text_orientation=&#8221;center&#8221; background_layout=&#8221;dark&#8221; animation=&#8221;off&#8221; header_font_size_tablet=&#8221;&#8221; header_font_size_phone=&#8221;14px&#8221; header_font_size_last_edited=&#8221;on|phone&#8221; body_font_size_tablet=&#8221;18px&#8221; body_font_size_phone=&#8221;16px&#8221; body_font_size_last_edited=&#8221;on|phone&#8221; border_radii_image=&#8221;on|100%|100%|100%|100%&#8221; icon_font_size=&#8221;18px&#8221; use_circle=&#8221;on&#8221; circle_color=&#8221;rgba(255,255,255,0.1)&#8221; locked=&#8221;off&#8221; global_colors_info=&#8221;{}&#8221; image_icon_background_color__sticky_enabled=&#8221;#7EBEC5&#8243; image_icon_background_color__sticky=&#8221;#7EBEC5&#8243;]<\/p>\n<p><span>Av. Carlos F. Gauss 5639, X5021 C\u00f3rdoba<\/span><\/p>\n<p>[\/et_pb_blurb][\/et_pb_column_inner][\/et_pb_row_inner][\/et_pb_column][et_pb_column type=&#8221;1_3&#8243; _builder_version=&#8221;4.16&#8243; custom_padding=&#8221;|||&#8221; global_colors_info=&#8221;{}&#8221; custom_padding__hover=&#8221;|||&#8221;][et_pb_text _builder_version=&#8221;4.27.4&#8243; _module_preset=&#8221;default&#8221; header_3_font=&#8221;Poppins|700|||||||&#8221; header_3_font_size=&#8221;18px&#8221; header_3_line_height=&#8221;1.4em&#8221; background_layout=&#8221;dark&#8221; custom_margin=&#8221;||10px||false|false&#8221; header_3_font_size_tablet=&#8221;16px&#8221; header_3_font_size_phone=&#8221;14px&#8221; header_3_font_size_last_edited=&#8221;on|phone&#8221; locked=&#8221;off&#8221; global_colors_info=&#8221;{}&#8221;]<\/p>\n<h3>Follow me<\/h3>\n<p>[\/et_pb_text][et_pb_social_media_follow icon_color=&#8221;rgba(255,255,255,0.25)&#8221; _builder_version=&#8221;4.27.4&#8243; _module_preset=&#8221;default&#8221; global_colors_info=&#8221;{}&#8221; icon_color__hover_enabled=&#8221;on|hover&#8221; icon_color__hover=&#8221;#ffffff&#8221;][et_pb_social_media_follow_network social_network=&#8221;facebook&#8221; url=&#8221;https:\/\/web.facebook.com\/DrRobertoMartinezok&#8221; _builder_version=&#8221;4.27.4&#8243; _module_preset=&#8221;default&#8221; global_colors_info=&#8221;{}&#8221; follow_button=&#8221;off&#8221; url_new_window=&#8221;on&#8221;]facebook[\/et_pb_social_media_follow_network][et_pb_social_media_follow_network social_network=&#8221;instagram&#8221; url=&#8221;https:\/\/www.instagram.com\/docmartinezrinaldi\/&#8221; _builder_version=&#8221;4.27.4&#8243; _module_preset=&#8221;default&#8221; background_enable_color=&#8221;off&#8221; global_colors_info=&#8221;{}&#8221; follow_button=&#8221;off&#8221; url_new_window=&#8221;on&#8221;]instagram[\/et_pb_social_media_follow_network][\/et_pb_social_media_follow][\/et_pb_column][\/et_pb_section]<\/p>","protected":false},"excerpt":{"rendered":"<p>Acerca m\u00edo Conocimiento, experiencia y excelencia. Soy el Dr. Roberto Mart\u00ednez Rinaldi, especialista en cirug\u00eda pl\u00e1stica con una trayectoria que me ha posicionado como uno de los referentes m\u00e1s destacados en mi campo, tanto a nivel local como nacional. Obtuve mi t\u00edtulo de M\u00e9dico Cirujano en la prestigiosa Universidad Nacional de C\u00f3rdoba (UNC) y, posteriormente, [&hellip;]<\/p>","protected":false},"author":1,"featured_media":0,"parent":0,"menu_order":0,"comment_status":"closed","ping_status":"closed","template":"","meta":{"_et_pb_use_builder":"on","_et_pb_old_content":"<!-- wp:divi\/placeholder \/-->","_et_gb_content_width":"","_joinchat":[],"footnotes":""},"difl_page_category":[],"class_list":["post-808","page","type-page","status-publish","hentry"],"_links":{"self":[{"href":"https:\/\/drrobertomartinez.com\/en\/wp-json\/wp\/v2\/pages\/808","targetHints":{"allow":["GET"]}}],"collection":[{"href":"https:\/\/drrobertomartinez.com\/en\/wp-json\/wp\/v2\/pages"}],"about":[{"href":"https:\/\/drrobertomartinez.com\/en\/wp-json\/wp\/v2\/types\/page"}],"author":[{"embeddable":true,"href":"https:\/\/drrobertomartinez.com\/en\/wp-json\/wp\/v2\/users\/1"}],"replies":[{"embeddable":true,"href":"https:\/\/drrobertomartinez.com\/en\/wp-json\/wp\/v2\/comments?post=808"}],"version-history":[{"count":9,"href":"https:\/\/drrobertomartinez.com\/en\/wp-json\/wp\/v2\/pages\/808\/revisions"}],"predecessor-version":[{"id":966,"href":"https:\/\/drrobertomartinez.com\/en\/wp-json\/wp\/v2\/pages\/808\/revisions\/966"}],"wp:attachment":[{"href":"https:\/\/drrobertomartinez.com\/en\/wp-json\/wp\/v2\/media?parent=808"}],"wp:term":[{"taxonomy":"difl_page_category","embeddable":true,"href":"https:\/\/drrobertomartinez.com\/en\/wp-json\/wp\/v2\/difl_page_category?post=808"}],"curies":[{"name":"wp","href":"https:\/\/api.w.org\/{rel}","templated":true}]}}